{"id":8673,"date":"2025-10-10T10:46:10","date_gmt":"2025-10-10T10:46:10","guid":{"rendered":"https:\/\/sultan-brand.com\/?post_type=product&#038;p=8673"},"modified":"2025-12-14T10:49:40","modified_gmt":"2025-12-14T10:49:40","slug":"jilbeb-al-malika-ete","status":"publish","type":"product","link":"https:\/\/sultan-brand.com\/fr\/produit\/jilbeb-al-malika-ete\/","title":{"rendered":"JILBEB AL MALIKA -\u00e9t\u00e9-"},"content":{"rendered":"<p><strong>.L\u2019ensemble al MALIKA est le jilbab le plus demand\u00e9 sur votre marque sultan brand .<\/strong><\/p>\n<p><strong>.une pi\u00e8ce unique id\u00e9al pour vos occasion .<\/strong><\/p>\n","protected":false},"excerpt":{"rendered":"<p><span style=\"color: #1d1d1d;\"><b>ensemble de<\/b><\/span><b> 2 pi\u00e8ces ( hidjab + isdal<\/b><span style=\"color: #1d1d1d;\"><b>).<\/b><\/span><\/p>\n<p>.<strong> tissu Cr\u00eape am\u00e9ricain de haute qualit\u00e9\u00a0<\/strong><\/p>\n<p><strong>. jilbab id\u00e9al pour vos <\/strong><span style=\"color: #1d1d1d;\"><b>occasions.<\/b><\/span><\/p>\n<ul>\n<li><strong>D\u00e9tails de l\u2019article :<\/strong> Mannequin mesure 1m68<\/li>\n<\/ul>\n","protected":false},"featured_media":8913,"comment_status":"open","ping_status":"closed","template":"","meta":[],"product_brand":[],"product_cat":[432,759,430],"product_tag":[781,265,266],"class_list":{"0":"post-8673","1":"product","2":"type-product","3":"status-publish","4":"has-post-thumbnail","6":"product_cat-jilbab-pour-occasions-fr","7":"product_cat-ete2025","8":"product_cat-jilbab-fr","9":"product_tag-hidjeb","10":"product_tag-jilbeb","11":"product_tag-sultan","12":"pa_couleur-beige","13":"pa_couleur-bleu-jeans","14":"pa_couleur-mauve-fr","15":"pa_couleur-mauve2-fr","16":"pa_couleur-nude","17":"pa_couleur-rosefr","18":"pa_couleur-vert-deau","19":"pa_couleur-vert-drapeau","20":"pa_couleur-vert-pistache","22":"first","23":"instock","24":"sale","25":"featured","26":"shipping-taxable","27":"purchasable","28":"product-type-variable"},"_links":{"self":[{"href":"https:\/\/sultan-brand.com\/fr\/wp-json\/wp\/v2\/product\/8673","targetHints":{"allow":["GET"]}}],"collection":[{"href":"https:\/\/sultan-brand.com\/fr\/wp-json\/wp\/v2\/product"}],"about":[{"href":"https:\/\/sultan-brand.com\/fr\/wp-json\/wp\/v2\/types\/product"}],"replies":[{"embeddable":true,"href":"https:\/\/sultan-brand.com\/fr\/wp-json\/wp\/v2\/comments?post=8673"}],"wp:featuredmedia":[{"embeddable":true,"href":"https:\/\/sultan-brand.com\/fr\/wp-json\/wp\/v2\/media\/8913"}],"wp:attachment":[{"href":"https:\/\/sultan-brand.com\/fr\/wp-json\/wp\/v2\/media?parent=8673"}],"wp:term":[{"taxonomy":"product_brand","embeddable":true,"href":"https:\/\/sultan-brand.com\/fr\/wp-json\/wp\/v2\/product_brand?post=8673"},{"taxonomy":"product_cat","embeddable":true,"href":"https:\/\/sultan-brand.com\/fr\/wp-json\/wp\/v2\/product_cat?post=8673"},{"taxonomy":"product_tag","embeddable":true,"href":"https:\/\/sultan-brand.com\/fr\/wp-json\/wp\/v2\/product_tag?post=8673"}],"curies":[{"name":"wp","href":"https:\/\/api.w.org\/{rel}","templated":true}]}}