{"id":8302,"date":"2025-09-25T01:30:33","date_gmt":"2025-09-25T01:30:33","guid":{"rendered":"https:\/\/sultan-brand.com\/?post_type=product&#038;p=8302"},"modified":"2026-02-09T10:18:51","modified_gmt":"2026-02-09T10:18:51","slug":"ensemble-zayra","status":"publish","type":"product","link":"https:\/\/sultan-brand.com\/fr\/produit\/ensemble-zayra\/","title":{"rendered":"Ensemble Zayra"},"content":{"rendered":"<p>&nbsp;<\/p>\n<h4><strong>\u2728<\/strong> Un ensemble \u00e0 l\u2019allure raffin\u00e9e et \u00e9l\u00e9gante, qui marie subtilement simplicit\u00e9 et sophistication.<\/h4>\n<h5>Sa couleur profonde conf\u00e8re une pr\u00e9sence remarquable et affirm\u00e9e, id\u00e9ale pour les occasions sp\u00e9ciales comme pour les tenues quotidiennes haut de gamme.<\/h5>\n<h5>Son design moderne, associ\u00e9 \u00e0 un tissu confortable, offre une silhouette chic et fluide \u2728<\/h5>\n","protected":false},"excerpt":{"rendered":"<p>&nbsp; \u2728 Un ensemble \u00e0 l\u2019allure raffin\u00e9e et \u00e9l\u00e9gante, qui marie subtilement simplicit\u00e9 et sophistication. Sa couleur profonde conf\u00e8re une pr\u00e9sence remarquable et affirm\u00e9e, id\u00e9ale pour les occasions sp\u00e9ciales comme pour les tenues quotidiennes haut de gamme. Son design moderne, associ\u00e9 \u00e0 un tissu confortable, offre une silhouette chic et&hellip;<\/p>\n","protected":false},"featured_media":8318,"comment_status":"open","ping_status":"closed","template":"","meta":[],"product_brand":[],"product_cat":[658],"product_tag":[],"class_list":{"0":"post-8302","1":"product","2":"type-product","3":"status-publish","4":"has-post-thumbnail","6":"product_cat-collection-hiver","7":"pa_couleur-bleu","8":"pa_couleur-bordeau","9":"pa_couleur-taupe","10":"pa_couleur-vert","12":"first","13":"instock","14":"shipping-taxable","15":"purchasable","16":"product-type-variable"},"_links":{"self":[{"href":"https:\/\/sultan-brand.com\/fr\/wp-json\/wp\/v2\/product\/8302","targetHints":{"allow":["GET"]}}],"collection":[{"href":"https:\/\/sultan-brand.com\/fr\/wp-json\/wp\/v2\/product"}],"about":[{"href":"https:\/\/sultan-brand.com\/fr\/wp-json\/wp\/v2\/types\/product"}],"replies":[{"embeddable":true,"href":"https:\/\/sultan-brand.com\/fr\/wp-json\/wp\/v2\/comments?post=8302"}],"wp:featuredmedia":[{"embeddable":true,"href":"https:\/\/sultan-brand.com\/fr\/wp-json\/wp\/v2\/media\/8318"}],"wp:attachment":[{"href":"https:\/\/sultan-brand.com\/fr\/wp-json\/wp\/v2\/media?parent=8302"}],"wp:term":[{"taxonomy":"product_brand","embeddable":true,"href":"https:\/\/sultan-brand.com\/fr\/wp-json\/wp\/v2\/product_brand?post=8302"},{"taxonomy":"product_cat","embeddable":true,"href":"https:\/\/sultan-brand.com\/fr\/wp-json\/wp\/v2\/product_cat?post=8302"},{"taxonomy":"product_tag","embeddable":true,"href":"https:\/\/sultan-brand.com\/fr\/wp-json\/wp\/v2\/product_tag?post=8302"}],"curies":[{"name":"wp","href":"https:\/\/api.w.org\/{rel}","templated":true}]}}