{"id":8149,"date":"2025-09-24T00:57:55","date_gmt":"2025-09-24T00:57:55","guid":{"rendered":"https:\/\/sultan-brand.com\/?post_type=product&#038;p=8149"},"modified":"2025-09-26T01:35:28","modified_gmt":"2025-09-26T01:35:28","slug":"ensemble-lea","status":"publish","type":"product","link":"https:\/\/sultan-brand.com\/fr\/produit\/ensemble-lea\/","title":{"rendered":"Ensemble L\u00e9a"},"content":{"rendered":"<p>Un look \u00e0 la fois chic et confortable, tout en simplicit\u00e9. Con\u00e7u dans une coupe ample aux teintes automnales douces, cet ensemble est r\u00e9alis\u00e9 en lin naturel pour vous offrir une sensation de confort et d\u2019\u00e9l\u00e9gance \u00e0 chaque instant \ud83e\udd0e<\/p>\n<p>Il se compose d\u2019une tunique longue et d\u2019une jupe \u00e9vas\u00e9e, faciles \u00e0 porter et parfaits pour vos sorties quotidiennes comme pour vos occasions plus formelles \u2728 Associ\u00e9 \u00e0 des baskets et un khimar noir, il r\u00e9v\u00e8le une touche casual chic irr\u00e9sistible \ud83d\ude0e<\/p>\n<h3>\ud83d\udda4 Taille: Standard 40 &#8211; 48<\/h3>\n<h5>\ud83d\udd16 Disponible d\u00e8s maintenant<\/h5>\n<h5>\ud83d\udccdCommandez-le sans attendre et exprimez votre style avec raffinement<\/h5>\n","protected":false},"excerpt":{"rendered":"<p>Un look \u00e0 la fois chic et confortable, tout en simplicit\u00e9. Con\u00e7u dans une coupe ample aux teintes automnales douces, cet ensemble est r\u00e9alis\u00e9 en lin naturel pour vous offrir une sensation de confort et d\u2019\u00e9l\u00e9gance \u00e0 chaque instant \ud83e\udd0e Il se compose d\u2019une tunique longue et d\u2019une jupe \u00e9vas\u00e9e,&hellip;<\/p>\n","protected":false},"featured_media":8262,"comment_status":"open","ping_status":"closed","template":"","meta":[],"product_brand":[],"product_cat":[658],"product_tag":[],"class_list":{"0":"post-8149","1":"product","2":"type-product","3":"status-publish","4":"has-post-thumbnail","6":"product_cat-collection-hiver","7":"pa_couleur-beige-taupe","8":"pa_couleur-bleu","9":"pa_couleur-capucchino","10":"pa_couleur-vert-amande-fr","11":"pa_couleur-vert-militaire","13":"first","14":"instock","15":"shipping-taxable","16":"purchasable","17":"product-type-variable"},"_links":{"self":[{"href":"https:\/\/sultan-brand.com\/fr\/wp-json\/wp\/v2\/product\/8149","targetHints":{"allow":["GET"]}}],"collection":[{"href":"https:\/\/sultan-brand.com\/fr\/wp-json\/wp\/v2\/product"}],"about":[{"href":"https:\/\/sultan-brand.com\/fr\/wp-json\/wp\/v2\/types\/product"}],"replies":[{"embeddable":true,"href":"https:\/\/sultan-brand.com\/fr\/wp-json\/wp\/v2\/comments?post=8149"}],"wp:featuredmedia":[{"embeddable":true,"href":"https:\/\/sultan-brand.com\/fr\/wp-json\/wp\/v2\/media\/8262"}],"wp:attachment":[{"href":"https:\/\/sultan-brand.com\/fr\/wp-json\/wp\/v2\/media?parent=8149"}],"wp:term":[{"taxonomy":"product_brand","embeddable":true,"href":"https:\/\/sultan-brand.com\/fr\/wp-json\/wp\/v2\/product_brand?post=8149"},{"taxonomy":"product_cat","embeddable":true,"href":"https:\/\/sultan-brand.com\/fr\/wp-json\/wp\/v2\/product_cat?post=8149"},{"taxonomy":"product_tag","embeddable":true,"href":"https:\/\/sultan-brand.com\/fr\/wp-json\/wp\/v2\/product_tag?post=8149"}],"curies":[{"name":"wp","href":"https:\/\/api.w.org\/{rel}","templated":true}]}}