{"id":8119,"date":"2025-09-23T23:52:54","date_gmt":"2025-09-23T23:52:54","guid":{"rendered":"https:\/\/sultan-brand.com\/?post_type=product&#038;p=8119"},"modified":"2025-09-29T01:09:55","modified_gmt":"2025-09-29T01:09:55","slug":"abaya-raas","status":"publish","type":"product","link":"https:\/\/sultan-brand.com\/fr\/produit\/abaya-raas\/","title":{"rendered":"Abaya Ra\u00e0s"},"content":{"rendered":"","protected":false},"excerpt":{"rendered":"<h5>Decouvrez le nouveau Jilbab style Abaya une pi\u00e8ce de chez la marque Sultan Brand sp\u00e9cialis\u00e9 en hijeb.<\/h5>\n<h5>Couleur: <em><strong>Noir<\/strong><\/em><br \/>\nTaille: <em><strong>Standard<\/strong><\/em><\/h5>\n","protected":false},"featured_media":8139,"comment_status":"open","ping_status":"closed","template":"","meta":[],"product_brand":[],"product_cat":[658,719,429,430],"product_tag":[],"class_list":{"0":"post-8119","1":"product","2":"type-product","3":"status-publish","4":"has-post-thumbnail","6":"product_cat-collection-hiver","7":"product_cat-abaya","8":"product_cat-hidjeb-fr","9":"product_cat-jilbab-fr","10":"pa_couleur-black","12":"first","13":"instock","14":"shipping-taxable","15":"purchasable","16":"product-type-simple"},"_links":{"self":[{"href":"https:\/\/sultan-brand.com\/fr\/wp-json\/wp\/v2\/product\/8119","targetHints":{"allow":["GET"]}}],"collection":[{"href":"https:\/\/sultan-brand.com\/fr\/wp-json\/wp\/v2\/product"}],"about":[{"href":"https:\/\/sultan-brand.com\/fr\/wp-json\/wp\/v2\/types\/product"}],"replies":[{"embeddable":true,"href":"https:\/\/sultan-brand.com\/fr\/wp-json\/wp\/v2\/comments?post=8119"}],"wp:featuredmedia":[{"embeddable":true,"href":"https:\/\/sultan-brand.com\/fr\/wp-json\/wp\/v2\/media\/8139"}],"wp:attachment":[{"href":"https:\/\/sultan-brand.com\/fr\/wp-json\/wp\/v2\/media?parent=8119"}],"wp:term":[{"taxonomy":"product_brand","embeddable":true,"href":"https:\/\/sultan-brand.com\/fr\/wp-json\/wp\/v2\/product_brand?post=8119"},{"taxonomy":"product_cat","embeddable":true,"href":"https:\/\/sultan-brand.com\/fr\/wp-json\/wp\/v2\/product_cat?post=8119"},{"taxonomy":"product_tag","embeddable":true,"href":"https:\/\/sultan-brand.com\/fr\/wp-json\/wp\/v2\/product_tag?post=8119"}],"curies":[{"name":"wp","href":"https:\/\/api.w.org\/{rel}","templated":true}]}}