{"id":7930,"date":"2025-06-24T01:32:07","date_gmt":"2025-06-24T01:32:07","guid":{"rendered":"https:\/\/sultan-brand.com\/?post_type=product&#038;p=7930"},"modified":"2025-10-16T11:46:40","modified_gmt":"2025-10-16T11:46:40","slug":"ameera","status":"publish","type":"product","link":"https:\/\/sultan-brand.com\/fr\/produit\/ameera\/","title":{"rendered":"Ensemble Ameera"},"content":{"rendered":"","protected":false},"excerpt":{"rendered":"<h4>\u2728Ensemble Ameera\u2728<\/h4>\n<h5>Un jilbab conforme \u00e0 la charia avec une touche de modernit\u00e9. \ud83d\udcab Un design pratique et \u00e9pur\u00e9 qui garantit une grande libert\u00e9 de mouvement, avec un tissu luxueux et l\u00e9ger pour une sensation de confiance et de confort tout au long de la journ\u00e9e.<\/h5>\n<h6>Les petits d\u00e9tails sont le secret de la distinction. \ud83c\udf38 Une couleur \u00e9l\u00e9gante pour tous les go\u00fbts. \ud83c\udf38 Une coupe modeste, parfaite pour les occasions quotidiennes. \ud83d\udc51<\/h6>\n","protected":false},"featured_media":7891,"comment_status":"open","ping_status":"closed","template":"","meta":[],"product_brand":[],"product_cat":[430,759],"product_tag":[],"class_list":{"0":"post-7930","1":"product","2":"type-product","3":"status-publish","4":"has-post-thumbnail","6":"product_cat-jilbab-fr","7":"product_cat-ete2025","8":"pa_couleur-aubergine","9":"pa_couleur-beige","10":"pa_couleur-bleu","11":"pa_couleur-marron","12":"pa_couleur-marron-clair","13":"pa_couleur-noir","14":"pa_couleur-rosefr","15":"pa_couleur-vert","16":"pa_couleur-vert-clair","17":"pa_couleur-vert-militaire","19":"first","20":"instock","21":"shipping-taxable","22":"purchasable","23":"product-type-variable"},"_links":{"self":[{"href":"https:\/\/sultan-brand.com\/fr\/wp-json\/wp\/v2\/product\/7930","targetHints":{"allow":["GET"]}}],"collection":[{"href":"https:\/\/sultan-brand.com\/fr\/wp-json\/wp\/v2\/product"}],"about":[{"href":"https:\/\/sultan-brand.com\/fr\/wp-json\/wp\/v2\/types\/product"}],"replies":[{"embeddable":true,"href":"https:\/\/sultan-brand.com\/fr\/wp-json\/wp\/v2\/comments?post=7930"}],"wp:featuredmedia":[{"embeddable":true,"href":"https:\/\/sultan-brand.com\/fr\/wp-json\/wp\/v2\/media\/7891"}],"wp:attachment":[{"href":"https:\/\/sultan-brand.com\/fr\/wp-json\/wp\/v2\/media?parent=7930"}],"wp:term":[{"taxonomy":"product_brand","embeddable":true,"href":"https:\/\/sultan-brand.com\/fr\/wp-json\/wp\/v2\/product_brand?post=7930"},{"taxonomy":"product_cat","embeddable":true,"href":"https:\/\/sultan-brand.com\/fr\/wp-json\/wp\/v2\/product_cat?post=7930"},{"taxonomy":"product_tag","embeddable":true,"href":"https:\/\/sultan-brand.com\/fr\/wp-json\/wp\/v2\/product_tag?post=7930"}],"curies":[{"name":"wp","href":"https:\/\/api.w.org\/{rel}","templated":true}]}}