{"id":7803,"date":"2025-05-15T20:17:08","date_gmt":"2025-05-15T20:17:08","guid":{"rendered":"https:\/\/sultan-brand.com\/product\/%d8%b7%d9%82%d9%85-%d8%a7%d9%84%d9%84%d9%85%d8%b3%d8%a9-%d8%a7%d9%84%d8%b9%d8%b1%d8%a8%d9%8a%d8%a9\/"},"modified":"2025-12-14T14:07:41","modified_gmt":"2025-12-14T14:07:41","slug":"%d8%b7%d9%82%d9%85-%d8%a7%d9%84%d9%84%d9%85%d8%b3%d8%a9-%d8%a7%d9%84%d8%b9%d8%b1%d8%a8%d9%8a%d8%a9","status":"publish","type":"product","link":"https:\/\/sultan-brand.com\/fr\/produit\/%d8%b7%d9%82%d9%85-%d8%a7%d9%84%d9%84%d9%85%d8%b3%d8%a9-%d8%a7%d9%84%d8%b9%d8%b1%d8%a8%d9%8a%d8%a9\/","title":{"rendered":"Set Touch Arab 2025"},"content":{"rendered":"<p>L&#8217;ensemble Arabian Touch Jilbab est un ensemble deux pi\u00e8ces qui respire la sophistication et l&#8217;\u00e9l\u00e9gance. Cet ensemble est compos\u00e9 d&#8217;un hijab et d&#8217;une ceinture fabriqu\u00e9s \u00e0 partir d&#8217;une seule couche de tissu luxueux qui se drape magnifiquement pour un look \u00e0 la fois modeste et \u00e9l\u00e9gant.<\/p>\n<p>Orn\u00e9 de broderies complexes d&#8217;inspiration arabe, le jilbab est disponible en deux options \u00e9tonnantes : Un noir d\u00e9licat, avec une couleur subtile, qui d\u00e9gage un luxe discret, ou un or \u00e9blouissant, qui ajoute une touche de glamour. Les autres options sont tout aussi \u00e9l\u00e9gantes. Chaque point t\u00e9moigne de l&#8217;art et du souci du d\u00e9tail qui ont pr\u00e9sid\u00e9 \u00e0 la cr\u00e9ation de ce chef-d&#8217;\u0153uvre.<\/p>\n<p>Le tissu de haute qualit\u00e9 assure confort et durabilit\u00e9, ce qui en fait un choix id\u00e9al pour les occasions sp\u00e9ciales o\u00f9 vous voulez \u00eatre \u00e0 votre avantage. L&#8217;ensemble est disponible dans des tailles standard allant du 34 au 46, con\u00e7ues pour flatter une vari\u00e9t\u00e9 de types de corps.<\/p>\n<p>Ce mod\u00e8le de 1 m 70 cm met en valeur la longueur g\u00e9n\u00e9reuse et la fluidit\u00e9 \u00e9l\u00e9gante des robes, soulignant la fa\u00e7on dont elles compl\u00e8tent gracieusement la silhouette d&#8217;une femme. L&#8217;ensemble Arabian Touch Jilbab n&#8217;est pas seulement une tenue, mais l&#8217;expression d&#8217;une fiert\u00e9 culturelle et d&#8217;une mode \u00e0 la mode qui vous fera remarquer \u00e0 n&#8217;importe quel rassemblement.<\/p>\n<div class=\"header\">\n<div class=\"header-label\"><strong>Pour les occasions formelles<\/strong>: Choisissez des robes de chambre avec des broderies dor\u00e9es pour une touche royale. Associez-la \u00e0 des accessoires dor\u00e9s, tels qu&#8217;une montre ou des bracelets \u00e9l\u00e9gants, et compl\u00e9tez le look avec une paire de talons hauts \u00e9l\u00e9gants. Cet ensemble est parfait pour les mariages, les f\u00eates de l&#8217;A\u00efd ou tout autre rassemblement formel o\u00f9 vous souhaitez faire une impression sophistiqu\u00e9e.<\/div>\n<\/div>\n<div class=\"message\">\n<div class=\"content user-select-text\" tabindex=\"0\" role=\"heading\" aria-level=\"6\" aria-description=\"\" aria-label=\"Sent by Copilot: Certainly! The \">\n<div class=\"ac-container ac-adaptiveCard has-image\">\n<div class=\"ac-textBlock\">\n<p><strong>Pour les sorties d\u00e9contract\u00e9es<\/strong>: Optez pour une broderie noir sur noir pour un look plus discret et \u00e9l\u00e9gant. Portez-la avec une paire de chaussures plates confortables et des bijoux simples pour une journ\u00e9e ou une rencontre d\u00e9contract\u00e9e entre amis. La simplicit\u00e9 du mod\u00e8le permet de se d\u00e9placer facilement et de se d\u00e9tendre.<\/p>\n<p><strong>Pour un look professionnel<\/strong>: restez classe en associant votre jilbab \u00e0 des chaussures ferm\u00e9es et \u00e0 un sac \u00e0 main chic. Limitez les accessoires au minimum et privil\u00e9giez la qualit\u00e9 \u00e0 la quantit\u00e9. Ce look est parfait pour les conf\u00e9rences, les r\u00e9unions ou tout autre environnement professionnel o\u00f9 la modestie et l&#8217;\u00e9l\u00e9gance sont appr\u00e9ci\u00e9es.<\/p>\n<p><strong>Pour les soir\u00e9es<\/strong>: Accessoirisez votre robe de chambre avec des bijoux chatoyants, comme un collier incrust\u00e9 de cristaux ou un pendentif d\u00e9licat. Choisissez des chaussures assorties \u00e0 la couleur de la broderie pour rehausser l&#8217;ensemble. Ce style est parfait pour les d\u00eeners ou les soir\u00e9es o\u00f9 vous souhaitez \u00eatre glamour et \u00e9l\u00e9gante.<\/p>\n<p>N&#8217;oubliez pas que la cl\u00e9 du style de votre ensemble de jilbab \u00ab Arabian Touch \u00bb est de laisser la magnifique broderie et le tissu de qualit\u00e9 occuper le devant de la sc\u00e8ne, tandis que les accessoires jouent un r\u00f4le de soutien dans la mise en valeur de votre look global.<\/p>\n<\/div>\n<\/div>\n<\/div>\n<\/div>\n<p>&nbsp;<\/p>\n","protected":false},"excerpt":{"rendered":"<p style=\"text-align: right;\">Devenez la sultane des soir\u00e9es du Ramadan et brillez dans un jilbab avec une touche arabe. \u2728\ud83c\udf19<\/p>\n<p style=\"text-align: right;\">\u2728 Jilbab avec une touche arabe \u2728<\/p>\n<p style=\"text-align: right;\">\ud83c\udff7 Jilbab deux pi\u00e8ces (Hijab + drap\u00e9 une pi\u00e8ce)<\/p>\n<p style=\"text-align: right;\">Couleurs disponibles : Noir avec broderie noire, noir avec broderie dor\u00e9e et broderie ivoire<\/p>\n<p style=\"text-align: right;\">\ud83c\udff7 tissu abaya de haute qualit\u00e9 \u2728<\/p>\n<p style=\"text-align: right;\">\ud83c\udff7 Parfait pour les occasions \u2728<\/p>\n<p style=\"text-align: right;\">D\u00e9tails du produit :<br \/>\nMod\u00e8le longueur 1 m\u00e8tre 70 cm<\/p>\n<p style=\"text-align: right;\">Tailles disponibles : (38 &#8211; 46)<\/p>\n","protected":false},"featured_media":6293,"comment_status":"open","ping_status":"closed","template":"","meta":[],"product_brand":[],"product_cat":[710,430,432],"product_tag":[280,281,270,265,266,491],"class_list":{"0":"post-7803","1":"product","2":"type-product","3":"status-publish","4":"has-post-thumbnail","6":"product_cat-collection-eid-2025","7":"product_cat-jilbab-fr","8":"product_cat-jilbab-pour-occasions-fr","9":"product_tag-abaya","10":"product_tag-hidjab","11":"product_tag-jilbab-sultan","12":"product_tag-jilbeb","13":"product_tag-sultan","14":"product_tag-sultana","16":"first","17":"instock","18":"shipping-taxable","19":"purchasable","20":"product-type-variable"},"_links":{"self":[{"href":"https:\/\/sultan-brand.com\/fr\/wp-json\/wp\/v2\/product\/7803","targetHints":{"allow":["GET"]}}],"collection":[{"href":"https:\/\/sultan-brand.com\/fr\/wp-json\/wp\/v2\/product"}],"about":[{"href":"https:\/\/sultan-brand.com\/fr\/wp-json\/wp\/v2\/types\/product"}],"replies":[{"embeddable":true,"href":"https:\/\/sultan-brand.com\/fr\/wp-json\/wp\/v2\/comments?post=7803"}],"wp:featuredmedia":[{"embeddable":true,"href":"https:\/\/sultan-brand.com\/fr\/wp-json\/wp\/v2\/media\/6293"}],"wp:attachment":[{"href":"https:\/\/sultan-brand.com\/fr\/wp-json\/wp\/v2\/media?parent=7803"}],"wp:term":[{"taxonomy":"product_brand","embeddable":true,"href":"https:\/\/sultan-brand.com\/fr\/wp-json\/wp\/v2\/product_brand?post=7803"},{"taxonomy":"product_cat","embeddable":true,"href":"https:\/\/sultan-brand.com\/fr\/wp-json\/wp\/v2\/product_cat?post=7803"},{"taxonomy":"product_tag","embeddable":true,"href":"https:\/\/sultan-brand.com\/fr\/wp-json\/wp\/v2\/product_tag?post=7803"}],"curies":[{"name":"wp","href":"https:\/\/api.w.org\/{rel}","templated":true}]}}