{"id":7690,"date":"2025-10-02T01:03:41","date_gmt":"2025-10-02T01:03:41","guid":{"rendered":"https:\/\/sultan-brand.com\/product\/%d8%ac%d9%84%d8%a8%d8%a7%d8%a8-%d8%b3%d9%84%d8%b7%d8%a7%d9%86-2025\/"},"modified":"2025-09-26T02:18:19","modified_gmt":"2025-09-26T02:18:19","slug":"%d8%ac%d9%84%d8%a8%d8%a7%d8%a8-%d8%b3%d9%84%d8%b7%d8%a7%d9%86-2025","status":"publish","type":"product","link":"https:\/\/sultan-brand.com\/fr\/produit\/%d8%ac%d9%84%d8%a8%d8%a7%d8%a8-%d8%b3%d9%84%d8%b7%d8%a7%d9%86-2025\/","title":{"rendered":"Jilbab Sultan 2025"},"content":{"rendered":"","protected":false},"excerpt":{"rendered":"<h5 style=\"text-align: right;\">Enfin de retour Jilbab <span style=\"font-size: 18pt;\"><strong>de sultan<\/strong><\/span> Tr\u00e8s recherch\u00e9es<br \/>\n<span style=\"font-size: 18pt;\"><strong>avec un tissu d&#8217;\u00e9t\u00e9 haute qualit\u00e9<\/strong><\/span><br \/>\nCommandez-le maintenant ! Et<span style=\"font-size: 18pt;\"><strong>profitez<\/strong><\/span> <\/h5>\n","protected":false},"featured_media":8372,"comment_status":"open","ping_status":"closed","template":"","meta":[],"product_brand":[],"product_cat":[658,759,430],"product_tag":[],"class_list":{"0":"post-7690","1":"product","2":"type-product","3":"status-publish","4":"has-post-thumbnail","6":"product_cat-collection-hiver","7":"product_cat-ete2025","8":"product_cat-jilbab-fr","9":"pa_couleur-noir","10":"pa_couleur-taupe","11":"pa_couleur-vert-amande-fr","13":"first","14":"instock","15":"shipping-taxable","16":"purchasable","17":"product-type-variable"},"_links":{"self":[{"href":"https:\/\/sultan-brand.com\/fr\/wp-json\/wp\/v2\/product\/7690","targetHints":{"allow":["GET"]}}],"collection":[{"href":"https:\/\/sultan-brand.com\/fr\/wp-json\/wp\/v2\/product"}],"about":[{"href":"https:\/\/sultan-brand.com\/fr\/wp-json\/wp\/v2\/types\/product"}],"replies":[{"embeddable":true,"href":"https:\/\/sultan-brand.com\/fr\/wp-json\/wp\/v2\/comments?post=7690"}],"wp:featuredmedia":[{"embeddable":true,"href":"https:\/\/sultan-brand.com\/fr\/wp-json\/wp\/v2\/media\/8372"}],"wp:attachment":[{"href":"https:\/\/sultan-brand.com\/fr\/wp-json\/wp\/v2\/media?parent=7690"}],"wp:term":[{"taxonomy":"product_brand","embeddable":true,"href":"https:\/\/sultan-brand.com\/fr\/wp-json\/wp\/v2\/product_brand?post=7690"},{"taxonomy":"product_cat","embeddable":true,"href":"https:\/\/sultan-brand.com\/fr\/wp-json\/wp\/v2\/product_cat?post=7690"},{"taxonomy":"product_tag","embeddable":true,"href":"https:\/\/sultan-brand.com\/fr\/wp-json\/wp\/v2\/product_tag?post=7690"}],"curies":[{"name":"wp","href":"https:\/\/api.w.org\/{rel}","templated":true}]}}