{"id":7551,"date":"2023-12-20T01:45:59","date_gmt":"2023-12-20T01:45:59","guid":{"rendered":"https:\/\/sultan-brand.com\/product\/%d8%ac%d9%84%d8%a8%d8%a7%d8%a8-%d8%a7%d9%84%d9%85%d9%84%d9%83%d8%a9-%d8%a3%d9%88%d8%a8%d8%b1%d8%ac%d9%8a%d9%86\/"},"modified":"2025-06-10T00:54:20","modified_gmt":"2025-06-10T00:54:20","slug":"%d8%ac%d9%84%d8%a8%d8%a7%d8%a8-%d8%a7%d9%84%d9%85%d9%84%d9%83%d8%a9-%d8%a3%d9%88%d8%a8%d8%b1%d8%ac%d9%8a%d9%86","status":"publish","type":"product","link":"https:\/\/sultan-brand.com\/fr\/produit\/%d8%ac%d9%84%d8%a8%d8%a7%d8%a8-%d8%a7%d9%84%d9%85%d9%84%d9%83%d8%a9-%d8%a3%d9%88%d8%a8%d8%b1%d8%ac%d9%8a%d9%86\/","title":{"rendered":"Jilbab Al Malika Aubergine"},"content":{"rendered":"<h4 style=\"text-align: right;\"><\/h4>\n<h5 style=\"text-align: right;\">L&#8217;ensemble Jilbab Al Malika le plus demand\u00e9 du sultan.<\/h5>\n<h5 style=\"text-align: right;\"><strong>Une pi\u00e8ce unique parfaite pour votre \u00e9v\u00e9nement.<\/strong><\/h5>\n<h5 style=\"text-align: right;\">Ensemble deux pi\u00e8ces (Hijab + Isdal + Niqab).<\/h5>\n<h5 style=\"text-align: right;\"><strong>Tissu d&#8217;automne de haute qualit\u00e9<\/strong><\/h5>\n<pre style=\"text-align: right;\">. \u0627\u0644\u0623\u062d\u062c\u0627\u0645 \u0627\u0644\u0645\u062a\u0627\u062d\u0629 : \u0642\u064a\u0627\u0633\u064a \u0645\u0646 38 \u0625\u0644\u0649 46<\/pre>\n<pre style=\"text-align: right;\">. . \u0647\u0630\u0627 \u0627\u0644\u062c\u0644\u0628\u0627\u0628 \u0645\u062b\u0627\u0644\u064a \u0644\u0644\u0645\u0646\u0627\u0633\u0628\u0627\u062a<\/pre>\n","protected":false},"excerpt":{"rendered":"<h4 style=\"text-align: right;\"><strong>Nouvelle couleur \u00ab Aubergine \u00bb disponible <\/strong><\/h4>\n","protected":false},"featured_media":7480,"comment_status":"open","ping_status":"closed","template":"","meta":[],"product_brand":[],"product_cat":[430],"product_tag":[],"class_list":{"0":"post-7551","1":"product","2":"type-product","3":"status-publish","4":"has-post-thumbnail","6":"product_cat-jilbab-fr","8":"first","9":"outofstock","10":"sale","11":"shipping-taxable","12":"purchasable","13":"product-type-simple"},"_links":{"self":[{"href":"https:\/\/sultan-brand.com\/fr\/wp-json\/wp\/v2\/product\/7551","targetHints":{"allow":["GET"]}}],"collection":[{"href":"https:\/\/sultan-brand.com\/fr\/wp-json\/wp\/v2\/product"}],"about":[{"href":"https:\/\/sultan-brand.com\/fr\/wp-json\/wp\/v2\/types\/product"}],"replies":[{"embeddable":true,"href":"https:\/\/sultan-brand.com\/fr\/wp-json\/wp\/v2\/comments?post=7551"}],"wp:featuredmedia":[{"embeddable":true,"href":"https:\/\/sultan-brand.com\/fr\/wp-json\/wp\/v2\/media\/7480"}],"wp:attachment":[{"href":"https:\/\/sultan-brand.com\/fr\/wp-json\/wp\/v2\/media?parent=7551"}],"wp:term":[{"taxonomy":"product_brand","embeddable":true,"href":"https:\/\/sultan-brand.com\/fr\/wp-json\/wp\/v2\/product_brand?post=7551"},{"taxonomy":"product_cat","embeddable":true,"href":"https:\/\/sultan-brand.com\/fr\/wp-json\/wp\/v2\/product_cat?post=7551"},{"taxonomy":"product_tag","embeddable":true,"href":"https:\/\/sultan-brand.com\/fr\/wp-json\/wp\/v2\/product_tag?post=7551"}],"curies":[{"name":"wp","href":"https:\/\/api.w.org\/{rel}","templated":true}]}}