{"id":6910,"date":"2025-08-20T02:16:31","date_gmt":"2025-08-20T02:16:31","guid":{"rendered":"https:\/\/sultan-brand.com\/?post_type=product&#038;p=6910"},"modified":"2025-12-21T19:07:24","modified_gmt":"2025-12-21T19:07:24","slug":"jilbab-aniqat-broderie","status":"publish","type":"product","link":"https:\/\/sultan-brand.com\/fr\/produit\/jilbab-aniqat-broderie\/","title":{"rendered":"Jilbab Aniqat Broderie"},"content":{"rendered":"","protected":false},"excerpt":{"rendered":"<h5>Un ensemble d\u2019une grande \u00e9l\u00e9gance, sublim\u00e9 par une teinte profonde et des d\u00e9tails brod\u00e9s sur les manches qui ajoutent une touche de raffinement tout en discr\u00e9tion. Sa coupe pudique et fluide offre une silhouette noble et distingu\u00e9e. Associ\u00e9 \u00e0 des escarpins ferm\u00e9s, il compose un look classique et parfaitement \u00e9quilibr\u00e9.<\/h5>\n<h5>ENSEMBLE ANIQAT (ABAYA + ISDAL)<\/h5>\n<h6><em>\u269c\ufe0f TISSU ABAYA\u00a0<\/em><\/h6>\n<p>ENSEMBLE ANIQAT (ABAYA + ISDAL)<\/p>\n","protected":false},"featured_media":7156,"comment_status":"open","ping_status":"closed","template":"","meta":[],"product_brand":[],"product_cat":[710,430,432],"product_tag":[],"class_list":{"0":"post-6910","1":"product","2":"type-product","3":"status-publish","4":"has-post-thumbnail","6":"product_cat-collection-eid-2025","7":"product_cat-jilbab-fr","8":"product_cat-jilbab-pour-occasions-fr","9":"pa_couleur-bleu-marine","10":"pa_couleur-estrasses","11":"pa_couleur-gris","12":"pa_couleur-noir","13":"pa_couleur-nude","14":"pa_couleur-vert","16":"first","17":"outofstock","18":"sale","19":"shipping-taxable","20":"purchasable","21":"product-type-variable"},"_links":{"self":[{"href":"https:\/\/sultan-brand.com\/fr\/wp-json\/wp\/v2\/product\/6910","targetHints":{"allow":["GET"]}}],"collection":[{"href":"https:\/\/sultan-brand.com\/fr\/wp-json\/wp\/v2\/product"}],"about":[{"href":"https:\/\/sultan-brand.com\/fr\/wp-json\/wp\/v2\/types\/product"}],"replies":[{"embeddable":true,"href":"https:\/\/sultan-brand.com\/fr\/wp-json\/wp\/v2\/comments?post=6910"}],"wp:featuredmedia":[{"embeddable":true,"href":"https:\/\/sultan-brand.com\/fr\/wp-json\/wp\/v2\/media\/7156"}],"wp:attachment":[{"href":"https:\/\/sultan-brand.com\/fr\/wp-json\/wp\/v2\/media?parent=6910"}],"wp:term":[{"taxonomy":"product_brand","embeddable":true,"href":"https:\/\/sultan-brand.com\/fr\/wp-json\/wp\/v2\/product_brand?post=6910"},{"taxonomy":"product_cat","embeddable":true,"href":"https:\/\/sultan-brand.com\/fr\/wp-json\/wp\/v2\/product_cat?post=6910"},{"taxonomy":"product_tag","embeddable":true,"href":"https:\/\/sultan-brand.com\/fr\/wp-json\/wp\/v2\/product_tag?post=6910"}],"curies":[{"name":"wp","href":"https:\/\/api.w.org\/{rel}","templated":true}]}}