{"id":6127,"date":"2025-02-09T01:29:31","date_gmt":"2025-02-09T01:29:31","guid":{"rendered":"https:\/\/sultan-brand.com\/product\/%d8%b7%d9%82%d9%85-%d8%b9%d9%85%d8%b1%d8%a9-2025\/"},"modified":"2025-09-08T23:59:03","modified_gmt":"2025-09-08T23:59:03","slug":"%d8%b7%d9%82%d9%85-%d8%b9%d9%85%d8%b1%d8%a9-2025","status":"publish","type":"product","link":"https:\/\/sultan-brand.com\/fr\/produit\/%d8%b7%d9%82%d9%85-%d8%b9%d9%85%d8%b1%d8%a9-2025\/","title":{"rendered":"Ensemble pour la Omra 2025"},"content":{"rendered":"","protected":false},"excerpt":{"rendered":"<p style=\"text-align: right;\">\nSi vous pr\u00e9voyez de visiter la Maison sacr\u00e9e d&#8217;Allah ou d&#8217;offrir quelque chose de sp\u00e9cial \u00e0 quelqu&#8217;un \u00e0 l&#8217;occasion du mois sacr\u00e9 du Ramadan, n&#8217;h\u00e9sitez pas \u00e0 acheter ce set qui n&#8217;a pas d&#8217;\u00e9gal<strong>Fabric :<\/strong><br \/>\n Cr\u00eape Froissi<strong>D\u00e9tails :<\/strong> Arabesque Gallon<\/p>\n<p style=\"text-align: right;\"><strong>Hauteur :<\/strong> 1m80,. Laty 38 \u00e0 50<\/p>\n","protected":false},"featured_media":5989,"comment_status":"open","ping_status":"closed","template":"","meta":[],"product_brand":[],"product_cat":[433,656],"product_tag":[279,406,265],"class_list":{"0":"post-6127","1":"product","2":"type-product","3":"status-publish","4":"has-post-thumbnail","6":"product_cat-collection-ramadhan-fr","7":"product_cat-ensemble-omarah","8":"product_tag-gilet","9":"product_tag-hidjab-fr","10":"product_tag-jilbeb","11":"pa_couleur-beige","12":"pa_couleur-blanc","13":"pa_couleur-noir","15":"first","16":"instock","17":"shipping-taxable","18":"purchasable","19":"product-type-variable"},"_links":{"self":[{"href":"https:\/\/sultan-brand.com\/fr\/wp-json\/wp\/v2\/product\/6127","targetHints":{"allow":["GET"]}}],"collection":[{"href":"https:\/\/sultan-brand.com\/fr\/wp-json\/wp\/v2\/product"}],"about":[{"href":"https:\/\/sultan-brand.com\/fr\/wp-json\/wp\/v2\/types\/product"}],"replies":[{"embeddable":true,"href":"https:\/\/sultan-brand.com\/fr\/wp-json\/wp\/v2\/comments?post=6127"}],"wp:featuredmedia":[{"embeddable":true,"href":"https:\/\/sultan-brand.com\/fr\/wp-json\/wp\/v2\/media\/5989"}],"wp:attachment":[{"href":"https:\/\/sultan-brand.com\/fr\/wp-json\/wp\/v2\/media?parent=6127"}],"wp:term":[{"taxonomy":"product_brand","embeddable":true,"href":"https:\/\/sultan-brand.com\/fr\/wp-json\/wp\/v2\/product_brand?post=6127"},{"taxonomy":"product_cat","embeddable":true,"href":"https:\/\/sultan-brand.com\/fr\/wp-json\/wp\/v2\/product_cat?post=6127"},{"taxonomy":"product_tag","embeddable":true,"href":"https:\/\/sultan-brand.com\/fr\/wp-json\/wp\/v2\/product_tag?post=6127"}],"curies":[{"name":"wp","href":"https:\/\/api.w.org\/{rel}","templated":true}]}}