{"id":5349,"date":"2024-01-22T01:23:29","date_gmt":"2024-01-22T01:23:29","guid":{"rendered":"https:\/\/sultan-brand.com\/?post_type=product&#038;p=5349"},"modified":"2025-10-06T00:44:45","modified_gmt":"2025-10-06T00:44:45","slug":"parfum-si7r","status":"publish","type":"product","link":"https:\/\/sultan-brand.com\/fr\/produit\/parfum-si7r\/","title":{"rendered":"Parfum Si7r"},"content":{"rendered":"","protected":false},"excerpt":{"rendered":"<p>**Parfum Charme \u2728\ud83d\udc51**<br \/>\nLe parfum \u00e0 la vanille et au oud est un m\u00e9lange luxueux qui combine la douceur chaleureuse de la vanille avec les notes bois\u00e9es profondes et puissantes du oud. Ce type de parfum se distingue par un \u00e9quilibre parfait entre la douceur et l\u2019attrait oriental, ce qui en fait un choix appr\u00e9ci\u00e9 par les amateurs de fragrances \u00e9l\u00e9gantes et chaleureuses.<\/p>\n<p>Un parfum qui repr\u00e9sente la majest\u00e9, le luxe et qui vous donne une pr\u00e9sence \ud83d\udc51<br \/>\nNotes : Oud bois\u00e9 y\u00e9m\u00e9nite avec vanille \ud83d\udc4c\ud83c\udffc<br \/>\nFlacon de 100 ml<\/p>\n","protected":false},"featured_media":5823,"comment_status":"open","ping_status":"closed","template":"","meta":[],"product_brand":[],"product_cat":[489],"product_tag":[490,506,649],"class_list":{"0":"post-5349","1":"product","2":"type-product","3":"status-publish","4":"has-post-thumbnail","6":"product_cat-parfum","7":"product_tag-parfum","8":"product_tag-perfume-fr","9":"product_tag-649","11":"first","12":"instock","13":"sale","14":"shipping-taxable","15":"purchasable","16":"product-type-variable"},"_links":{"self":[{"href":"https:\/\/sultan-brand.com\/fr\/wp-json\/wp\/v2\/product\/5349","targetHints":{"allow":["GET"]}}],"collection":[{"href":"https:\/\/sultan-brand.com\/fr\/wp-json\/wp\/v2\/product"}],"about":[{"href":"https:\/\/sultan-brand.com\/fr\/wp-json\/wp\/v2\/types\/product"}],"replies":[{"embeddable":true,"href":"https:\/\/sultan-brand.com\/fr\/wp-json\/wp\/v2\/comments?post=5349"}],"wp:featuredmedia":[{"embeddable":true,"href":"https:\/\/sultan-brand.com\/fr\/wp-json\/wp\/v2\/media\/5823"}],"wp:attachment":[{"href":"https:\/\/sultan-brand.com\/fr\/wp-json\/wp\/v2\/media?parent=5349"}],"wp:term":[{"taxonomy":"product_brand","embeddable":true,"href":"https:\/\/sultan-brand.com\/fr\/wp-json\/wp\/v2\/product_brand?post=5349"},{"taxonomy":"product_cat","embeddable":true,"href":"https:\/\/sultan-brand.com\/fr\/wp-json\/wp\/v2\/product_cat?post=5349"},{"taxonomy":"product_tag","embeddable":true,"href":"https:\/\/sultan-brand.com\/fr\/wp-json\/wp\/v2\/product_tag?post=5349"}],"curies":[{"name":"wp","href":"https:\/\/api.w.org\/{rel}","templated":true}]}}