{"id":3976,"date":"2024-02-24T01:48:17","date_gmt":"2024-02-24T01:48:17","guid":{"rendered":"https:\/\/sultan-brand.com\/product\/omra-set-2\/"},"modified":"2024-02-24T02:10:00","modified_gmt":"2024-02-24T02:10:00","slug":"set-pour-omra","status":"publish","type":"product","link":"https:\/\/sultan-brand.com\/fr\/produit\/set-pour-omra\/","title":{"rendered":"Ensemble Omra"},"content":{"rendered":"<div class=\"content\" tabindex=\"0\" aria-description=\"\">\n<div class=\"ac-container ac-adaptiveCard\">\n<div class=\"ac-textBlock\">\n<p><strong>\ud83d\udd4b &#8220;Umrah Set&#8221; : Satisfaire vos d\u00e9sirs \ud83c\udf19\u2728\u2728<\/strong><\/p>\n<p>\u00c0 l&#8217;aube du mois sacr\u00e9 du Ramadan, p\u00e9riode de repentir et de pardon, nous vous pr\u00e9sentons l&#8217;exquis <strong>&#8220;Set Omra&#8221;,<\/strong>m\u00e9lange harmonieux de confort, d&#8217;\u00e9l\u00e9gance et de puret\u00e9. Voyons les d\u00e9tails enchanteurs de cet ensemble m\u00e9ticuleusement confectionn\u00e9 :<\/p>\n<ol>\n<li><strong>L&#8217;essence de la Omra<\/strong>: Imaginez que vous vous tenez devant la Kaaba, le c\u0153ur de l&#8217;Islam, l&#8217;\u00e2me embras\u00e9e par la d\u00e9votion. Le <strong>&#8220;Set Omra<\/strong> &#8221; capture cette essence &#8211; un p\u00e8lerinage du c\u0153ur, un voyage d&#8217;abandon. Il murmure des pri\u00e8res \u00e0 chaque point, et ses fils font \u00e9cho aux pas des proph\u00e8tes.<\/li>\n<li><strong>Chuchotements au clair de lune<\/strong>: Le croissant de lune orne le ciel nocturne, jetant une lueur argent\u00e9e sur les fid\u00e8les. Notre <strong>&#8220;set pour la Omra&#8221;<\/strong> refl\u00e8te cette danse c\u00e9leste. Son tissu frais et fluide se drape comme un rayon de lune, vous permettant de vous d\u00e9placer avec gr\u00e2ce et aisance. Que vous fassiez le tour de la Kaaba ou que vous vous teniez sur les plaines d&#8217;Arafat, vous vous sentirez en apesanteur, comme port\u00e9 par des anges.<\/li>\n<li><strong>La toile blanche<\/strong>: Le blanc &#8211; la couleur de la puret\u00e9, des d\u00e9buts. Le <strong>&#8220;Set de la Omra&#8221;<\/strong> reprend ce symbolisme. Sa teinte blanche immacul\u00e9e refl\u00e8te la sinc\u00e9rit\u00e9 de vos intentions. En enfilant l&#8217;abaya sans couture et en enroulant le doux hijab autour de votre visage, vous devenez une toile sur laquelle les b\u00e9n\u00e9dictions divines sont peintes.<\/li>\n<li>Le <strong>confort de la brise<\/strong>: Le vent du d\u00e9sert chuchote des secrets \u00e0 ceux qui l&#8217;\u00e9coutent. Notre <strong>&#8220;set pour la Omra&#8221;<\/strong> est con\u00e7u pour le confort &#8211; une brise l\u00e9g\u00e8re contre votre peau, un toucher apaisant pendant le tawaf. Sa coupe ample vous permet de respirer, d&#8217;absorber le caract\u00e8re sacr\u00e9 de l&#8217;instant. Il n&#8217;y a pas de restriction, seulement de la lib\u00e9ration.<\/li>\n<li><strong>Le fermoir noir et or<\/strong>: le <strong>&#8220;set Omra&#8221;<\/strong> est dot\u00e9 d&#8217;un fermoir d\u00e9licat, fusion complexe de noir et d&#8217;or. Il permet de fixer votre hijab, symbole de modestie et de r\u00e9v\u00e9rence. Lorsque vous l&#8217;attachez, imaginez les mains des anges qui vous guident et veillent \u00e0 ce que votre lien avec le Divin reste ininterrompu.<\/li>\n<li><strong>Un voyage int\u00e9rieur<\/strong>: Au-del\u00e0 des \u00e9tapes physiques se trouve un p\u00e8lerinage int\u00e9rieur. Le <strong>&#8220;Set Umrah&#8221;<\/strong> vous invite \u00e0 explorer les chambres de votre c\u0153ur, \u00e0 demander pardon, \u00e0 vous lib\u00e9rer de vos fardeaux et \u00e0 en ressortir plus l\u00e9ger. Il ne s&#8217;agit pas d&#8217;un simple v\u00eatement, mais d&#8217;un vaisseau de transformation.<\/li>\n<\/ol>\n<p>Que vos pas soient b\u00e9nis, vos pri\u00e8res entendues et votre \u00e2me \u00e9lev\u00e9e. &#8221; <strong>Umrah Set&#8221; &#8211; o\u00f9<\/strong>la d\u00e9votion rencontre l&#8217;\u00e9l\u00e9gance, et o\u00f9 votre voyage devient une po\u00e9sie sacr\u00e9e. \ud83c\udf19\ud83d\udd4b\u2728<\/p>\n<\/div>\n<\/div>\n<\/div>\n","protected":false},"excerpt":{"rendered":"<p>Umrah set to meet your desires \ud83d\udd4b\u2728\ud83c\udf19\ud83c\udf19<br \/>\nAvec l&#8217;arriv\u00e9e du mois de Ramadan, le mois du repentir et du pardon<br \/>\nNous avons con\u00e7u pour vous un kit de la Omra qui r\u00e9pond \u00e0 vos besoins. Un ensemble confortable, frais, large et blanc pour r\u00e9pondre \u00e0 vos d\u00e9sirs.<\/p>\n","protected":false},"featured_media":3898,"comment_status":"open","ping_status":"closed","template":"","meta":[],"product_brand":[],"product_cat":[433,656],"product_tag":[281,270,265,491],"class_list":{"0":"post-3976","1":"product","2":"type-product","3":"status-publish","4":"has-post-thumbnail","6":"product_cat-collection-ramadhan-fr","7":"product_cat-ensemble-omarah","8":"product_tag-hidjab","9":"product_tag-jilbab-sultan","10":"product_tag-jilbeb","11":"product_tag-sultana","13":"first","14":"outofstock","15":"shipping-taxable","16":"purchasable","17":"product-type-simple"},"_links":{"self":[{"href":"https:\/\/sultan-brand.com\/fr\/wp-json\/wp\/v2\/product\/3976","targetHints":{"allow":["GET"]}}],"collection":[{"href":"https:\/\/sultan-brand.com\/fr\/wp-json\/wp\/v2\/product"}],"about":[{"href":"https:\/\/sultan-brand.com\/fr\/wp-json\/wp\/v2\/types\/product"}],"replies":[{"embeddable":true,"href":"https:\/\/sultan-brand.com\/fr\/wp-json\/wp\/v2\/comments?post=3976"}],"wp:featuredmedia":[{"embeddable":true,"href":"https:\/\/sultan-brand.com\/fr\/wp-json\/wp\/v2\/media\/3898"}],"wp:attachment":[{"href":"https:\/\/sultan-brand.com\/fr\/wp-json\/wp\/v2\/media?parent=3976"}],"wp:term":[{"taxonomy":"product_brand","embeddable":true,"href":"https:\/\/sultan-brand.com\/fr\/wp-json\/wp\/v2\/product_brand?post=3976"},{"taxonomy":"product_cat","embeddable":true,"href":"https:\/\/sultan-brand.com\/fr\/wp-json\/wp\/v2\/product_cat?post=3976"},{"taxonomy":"product_tag","embeddable":true,"href":"https:\/\/sultan-brand.com\/fr\/wp-json\/wp\/v2\/product_tag?post=3976"}],"curies":[{"name":"wp","href":"https:\/\/api.w.org\/{rel}","templated":true}]}}