{"id":3327,"date":"2025-10-11T16:24:27","date_gmt":"2025-10-11T16:24:27","guid":{"rendered":"https:\/\/sultan-brand.com\/?post_type=product&#038;p=3327"},"modified":"2025-10-27T20:00:56","modified_gmt":"2025-10-27T20:00:56","slug":"jilbab-sultan","status":"publish","type":"product","link":"https:\/\/sultan-brand.com\/fr\/produit\/jilbab-sultan\/","title":{"rendered":"JILBAB SULTAN"},"content":{"rendered":"<p>Jilbab pratique \ud83d\udc4c\ud83c\udffc<\/p>\n<p>\u269c\ufe0f Tailles disponibles :<br \/>\nTaille 1 : 1m60__1m65<br \/>\nTaille 2 : 1m65__1m70<\/p>\n<p>\u269c\ufe0f Mannequin fait 1m68 porte jilbab taille 2<\/p>\n","protected":false},"excerpt":{"rendered":"<p>jilbeb sultan une pi\u00e8ce un indispensable dans votre garde modeste , con\u00e7u dans un tissu cr\u00eape l\u00e9ger et fluide il sera parfait pour tous les jours .<\/p>\n","protected":false},"featured_media":3331,"comment_status":"open","ping_status":"closed","template":"","meta":[],"product_brand":[],"product_cat":[431,658,759,430],"product_tag":[267,270,265,269,268,266],"class_list":{"0":"post-3327","1":"product","2":"type-product","3":"status-publish","4":"has-post-thumbnail","6":"product_cat-jilbab-une-piece-fr","7":"product_cat-collection-hiver","8":"product_cat-ete2025","9":"product_cat-jilbab-fr","10":"product_tag-jilbab","11":"product_tag-jilbab-sultan","12":"product_tag-jilbeb","13":"product_tag-jilbeb-sultan","14":"product_tag-jilbeb-une-piece","15":"product_tag-sultan","16":"pa_couleur-beige","17":"pa_couleur-bleu-marine","18":"pa_couleur-marron","19":"pa_couleur-noir","20":"pa_couleur-vert","21":"pa_couleur-vert-militaire","23":"first","24":"instock","25":"featured","26":"shipping-taxable","27":"purchasable","28":"product-type-variable"},"_links":{"self":[{"href":"https:\/\/sultan-brand.com\/fr\/wp-json\/wp\/v2\/product\/3327","targetHints":{"allow":["GET"]}}],"collection":[{"href":"https:\/\/sultan-brand.com\/fr\/wp-json\/wp\/v2\/product"}],"about":[{"href":"https:\/\/sultan-brand.com\/fr\/wp-json\/wp\/v2\/types\/product"}],"replies":[{"embeddable":true,"href":"https:\/\/sultan-brand.com\/fr\/wp-json\/wp\/v2\/comments?post=3327"}],"wp:featuredmedia":[{"embeddable":true,"href":"https:\/\/sultan-brand.com\/fr\/wp-json\/wp\/v2\/media\/3331"}],"wp:attachment":[{"href":"https:\/\/sultan-brand.com\/fr\/wp-json\/wp\/v2\/media?parent=3327"}],"wp:term":[{"taxonomy":"product_brand","embeddable":true,"href":"https:\/\/sultan-brand.com\/fr\/wp-json\/wp\/v2\/product_brand?post=3327"},{"taxonomy":"product_cat","embeddable":true,"href":"https:\/\/sultan-brand.com\/fr\/wp-json\/wp\/v2\/product_cat?post=3327"},{"taxonomy":"product_tag","embeddable":true,"href":"https:\/\/sultan-brand.com\/fr\/wp-json\/wp\/v2\/product_tag?post=3327"}],"curies":[{"name":"wp","href":"https:\/\/api.w.org\/{rel}","templated":true}]}}