{"id":3274,"date":"2025-09-27T14:29:01","date_gmt":"2025-09-27T14:29:01","guid":{"rendered":"https:\/\/sultan-brand.com\/?post_type=product&#038;p=3274"},"modified":"2026-02-09T10:07:33","modified_gmt":"2026-02-09T10:07:33","slug":"jilbeb-al-malika-automn","status":"publish","type":"product","link":"https:\/\/sultan-brand.com\/fr\/produit\/jilbeb-al-malika-automn\/","title":{"rendered":"JILBEB AL MALIKA -Automn-"},"content":{"rendered":"<p><strong>.L\u2019ensemble al MALIKA est le jilbab le plus demand\u00e9 sur votre marque sultan brand .<\/strong><\/p>\n<p><strong>.une pi\u00e8ce unique id\u00e9al pour vos occasion .<\/strong><\/p>\n","protected":false},"excerpt":{"rendered":"<p><span style=\"color: #1d1d1d;\"><b>ensemble de<\/b><\/span><b> 2 pi\u00e8ces ( hidjab + isdal<\/b><span style=\"color: #1d1d1d;\"><b>).<\/b><\/span><\/p>\n<p>.<strong> tissu Cr\u00eape am\u00e9ricain de haute qualit\u00e9\u00a0<\/strong><\/p>\n<p><strong>. jilbab id\u00e9al pour vos <\/strong><span style=\"color: #1d1d1d;\"><b>occasions.<\/b><\/span><\/p>\n<ul>\n<li><strong>D\u00e9tails de l\u2019article :<\/strong> Mannequin mesure 1m68<\/li>\n<\/ul>\n","protected":false},"featured_media":8919,"comment_status":"open","ping_status":"closed","template":"","meta":[],"product_brand":[],"product_cat":[432,658,430],"product_tag":[781,265,266],"class_list":{"0":"post-3274","1":"product","2":"type-product","3":"status-publish","4":"has-post-thumbnail","6":"product_cat-jilbab-pour-occasions-fr","7":"product_cat-collection-hiver","8":"product_cat-jilbab-fr","9":"product_tag-hidjeb","10":"product_tag-jilbeb","11":"product_tag-sultan","12":"pa_couleur-aubergine","13":"pa_couleur-beige-taupe","14":"pa_couleur-bleu-marine","15":"pa_couleur-bleu-nuit","16":"pa_couleur-bleu-petrol","17":"pa_couleur-bordeau","18":"pa_couleur-brique","19":"pa_couleur-capucchino","20":"pa_couleur-espresso","21":"pa_couleur-grenat","22":"pa_couleur-gris","23":"pa_couleur-gris-fonce","24":"pa_couleur-marron","25":"pa_couleur-marronchocolat","26":"pa_couleur-noir","27":"pa_couleur-saumon","28":"pa_couleur-taupe","29":"pa_couleur-vert","30":"pa_couleur-vert-emeraude","31":"pa_couleur-vert-militaire","32":"pa_couleur-vert-sapin","34":"first","35":"instock","36":"featured","37":"shipping-taxable","38":"purchasable","39":"product-type-variable"},"_links":{"self":[{"href":"https:\/\/sultan-brand.com\/fr\/wp-json\/wp\/v2\/product\/3274","targetHints":{"allow":["GET"]}}],"collection":[{"href":"https:\/\/sultan-brand.com\/fr\/wp-json\/wp\/v2\/product"}],"about":[{"href":"https:\/\/sultan-brand.com\/fr\/wp-json\/wp\/v2\/types\/product"}],"replies":[{"embeddable":true,"href":"https:\/\/sultan-brand.com\/fr\/wp-json\/wp\/v2\/comments?post=3274"}],"wp:featuredmedia":[{"embeddable":true,"href":"https:\/\/sultan-brand.com\/fr\/wp-json\/wp\/v2\/media\/8919"}],"wp:attachment":[{"href":"https:\/\/sultan-brand.com\/fr\/wp-json\/wp\/v2\/media?parent=3274"}],"wp:term":[{"taxonomy":"product_brand","embeddable":true,"href":"https:\/\/sultan-brand.com\/fr\/wp-json\/wp\/v2\/product_brand?post=3274"},{"taxonomy":"product_cat","embeddable":true,"href":"https:\/\/sultan-brand.com\/fr\/wp-json\/wp\/v2\/product_cat?post=3274"},{"taxonomy":"product_tag","embeddable":true,"href":"https:\/\/sultan-brand.com\/fr\/wp-json\/wp\/v2\/product_tag?post=3274"}],"curies":[{"name":"wp","href":"https:\/\/api.w.org\/{rel}","templated":true}]}}