{"id":1931,"date":"2017-03-24T12:31:38","date_gmt":"2017-03-24T12:31:38","guid":{"rendered":"https:\/\/sultan-brand.com\/a-propos-de-nous\/"},"modified":"2024-11-12T19:17:39","modified_gmt":"2024-11-12T19:17:39","slug":"a-propos-de-nous","status":"publish","type":"page","link":"https:\/\/sultan-brand.com\/fr\/a-propos-de-nous\/","title":{"rendered":"A propos de nous"},"content":{"rendered":"<section class=\"wpb-content-wrapper\"><p>[vc_row][vc_column][vc_empty_space height=&#8221;2.5em&#8221; alter_height=&#8221;none&#8221; hide_on_mobile=&#8221;&#8221;][\/vc_column][\/vc_row][vc_row equal_height=&#8221;yes&#8221;][vc_column css=&#8221;.vc_custom_1492438904748{margin-right: 20px !important;margin-left: 20px !important;background-color: #ebe9e6 !important;}&#8221; offset=&#8221;vc_col-lg-6 vc_col-md-12&#8243;][vc_empty_space height=&#8221;1.6em&#8221; alter_height=&#8221;none&#8221; hide_on_mobile=&#8221;&#8221;]<div  id=\"sc_promo_1237036483\" \n\tclass=\"sc_promo sc_promo_default sc_promo_size_normal sc_promo_no_image\"><div class=\"sc_promo_text\" style=\"width: 100%;\">\n\t\t\t<div class=\"sc_promo_text_inner\" style=\"\"><h6 class=\"sc_item_subtitle sc_promo_subtitle sc_align_left sc_item_title_style_default\">Bienvenu<\/h6><h3 class=\"sc_item_title sc_promo_title sc_align_left sc_item_title_style_default\">{Qui} Nous sommes<\/h3><div class=\"sc_item_descr sc_promo_descr sc_align_left\"><p>Bienvenue chez Sultan's Brand, o\u00f9 l'\u00e9l\u00e9gance contemporaine rencontre un patrimoine riche dans une harmonie unique. Depuis notre cr\u00e9ation en 2019, nous nous sommes engag\u00e9s \u00e0 red\u00e9finir l'\u00e9l\u00e9gance pour la femme voil\u00e9e en offrant les abayas et djellabas les plus fines et les plus exquises.<\/p>\n<p><\/p>\n<p>Notre voyage a commenc\u00e9 avec une grande passion pour la mode et un d\u00e9vouement sans pareil \u00e0 la s\u00e9lection de tissus de haute qualit\u00e9. Notre objectif principal est de faire en sorte que chaque femme voil\u00e9e se sente comme une reine couronn\u00e9e, marchant avec confiance et gr\u00e2ce. Chez Sultan's Brand, nous croyons que la beaut\u00e9 r\u00e9side dans les moindres d\u00e9tails, c'est pourquoi nous s\u00e9lectionnons soigneusement des tissus luxueux qui offrent un confort in\u00e9gal\u00e9 et une \u00e9l\u00e9gance exceptionnelle.<\/p>\n<\/div><div class=\"sc_promo_content sc_item_content\">[vc_single_image image=&#8221;4179&#8243; img_size=&#8221;full&#8221;]<\/div><\/div>\n\t\t<\/div><\/div>[\/vc_column][vc_column width=&#8221;1\/2&#8243; offset=&#8221;vc_hidden-lg&#8221;][vc_empty_space height=&#8221;1.5em&#8221; alter_height=&#8221;none&#8221; hide_on_mobile=&#8221;&#8221;][\/vc_column][vc_column offset=&#8221;vc_col-lg-6 vc_col-md-12&#8243;][vc_empty_space alter_height=&#8221;huge&#8221; hide_on_mobile=&#8221;&#8221;]<div id=\"widget_slider_1807678066\" class=\"widget_area sc_widget_slider vc_widget_slider wpb_content_element\"><aside id=\"widget_slider_1807678066_widget\" class=\"widget widget_slider\">            <div class=\"slider_wrap slider_engine_swiper\">\n\t\t\t\t<div id=\"widget_slider_1807678066_outer\" class=\"slider_swiper_outer slider_style_default slider_outer_direction_vertical slider_outer_controls slider_outer_controls_side slider_outer_nopagination slider_outer_titles_center slider_outer_one\"><div id=\"widget_slider_1807678066_swiper\" class=\"slider_swiper swiper-slider-container slider_direction_vertical slider_controls slider_controls_side slider_nopagination slider_titles_center slider_one slider_resize slider_height_auto slider_type_bg\" data-ratio=\"16:9\" data-interval=\"7000\" data-effect=\"slide\" data-pagination=\"bullets\" data-direction=\"vertical\" data-slides-per-view=\"1\" data-slides-space=\"0\">\n\t\t\t\t\t\t<div class=\"swiper-wrapper\"><div  class=\"swiper-slide\" data-image=\"https:\/\/sultan-brand.com\/ochiphoa\/2024\/02\/EF5CD936-3C35-40F4-A63C-FF3C218B4B9B-scaled.jpeg\" style=\"background-image:url(https:\/\/sultan-brand.com\/ochiphoa\/2024\/02\/EF5CD936-3C35-40F4-A63C-FF3C218B4B9B-scaled.jpeg);\"><\/div><div  class=\"swiper-slide\" data-image=\"https:\/\/sultan-brand.com\/ochiphoa\/2024\/02\/423131713_359132627053767_8734726481036235483_n.jpg\" style=\"background-image:url(https:\/\/sultan-brand.com\/ochiphoa\/2024\/02\/423131713_359132627053767_8734726481036235483_n.jpg);\"><\/div><div  class=\"swiper-slide\" data-image=\"https:\/\/sultan-brand.com\/ochiphoa\/2024\/01\/image0-18-scaled.jpeg\" style=\"background-image:url(https:\/\/sultan-brand.com\/ochiphoa\/2024\/01\/image0-18-scaled.jpeg);\"><\/div><\/div><div class=\"slider_controls_wrap\"><a class=\"slider_prev swiper-button-prev\" href=\"#\"><\/a><a class=\"slider_next swiper-button-next\" href=\"#\"><\/a><\/div><\/div><\/div>            <\/div>\n\t\t\t<\/aside><\/div><div  id=\"sc_promo_521735555\" \n\tclass=\"sc_promo sc_promo_default sc_promo_size_normal sc_promo_no_image\"><div class=\"sc_promo_text\" style=\"width: 100%;\">\n\t\t\t<div class=\"sc_promo_text_inner\" style=\"\"><h6 class=\"sc_item_subtitle sc_promo_subtitle sc_align_left sc_item_title_style_default\">Au Fil<\/h6><h3 class=\"sc_item_title sc_promo_title sc_align_left sc_item_title_style_default\">{DU} Temps<\/h3><div class=\"sc_item_descr sc_promo_descr sc_align_left\"><p>Nous sommes devenus un symbole d'\u00e9l\u00e9gance dans le c\u0153ur des femmes en Alg\u00e9rie et au-del\u00e0. Nous sommes fiers de l'attention consid\u00e9rable que nous recevons de la part des filles du monde entier qui souhaitent profiter de l'\u00e9l\u00e9gance unique de nos cr\u00e9ations.<\/p>\n<p><\/p>\n<p>Nous cherchons maintenant \u00e0 \u00e9tendre notre port\u00e9e aux march\u00e9s mondiaux, visant \u00e0 \u00eatre le premier choix pour les femmes voil\u00e9es partout. Nous aspirons \u00e0 cr\u00e9er un monde o\u00f9 chaque femme peut se couronner de confiance et de fiert\u00e9, profitant d'une \u00e9l\u00e9gance in\u00e9gal\u00e9e.<\/p>\n<p><\/p>\n<p>Rejoignez-nous dans ce merveilleux voyage, et laissez Sultan's Brand faire partie de votre histoire personnelle. Car chez Sultan's Brand, nous n'offrons pas seulement des v\u00eatements ; nous cr\u00e9ons des r\u00eaves d'\u00e9l\u00e9gance et d'autonomisation, croyant que chaque femme m\u00e9rite de vivre comme une reine.<\/p>\n<\/div><div class=\"sc_promo_content sc_item_content\">[vc_empty_space height=&#8221;1em&#8221; alter_height=&#8221;none&#8221; hide_on_mobile=&#8221;&#8221;]<\/div><\/div>\n\t\t<\/div><\/div>[\/vc_column][\/vc_row][vc_row][vc_column][vc_empty_space height=&#8221;4em&#8221; alter_height=&#8221;none&#8221; hide_on_mobile=&#8221;&#8221;][vc_empty_space height=&#8221;4em&#8221; alter_height=&#8221;none&#8221; hide_on_mobile=&#8221;1&#8243;]<div id=\"sc_title_773377413\"\n\t\tclass=\"sc_title sc_title_default\"><h6 class=\"sc_item_subtitle sc_title_subtitle sc_align_center sc_item_title_style_default\">quelques mots sur notre<\/h6><h3 class=\"sc_item_title sc_title_title sc_align_center sc_item_title_style_default\">Histoire<\/h3><\/div>[vc_empty_space height=&#8221;3.5em&#8221; alter_height=&#8221;none&#8221; hide_on_mobile=&#8221;&#8221;][vc_empty_space height=&#8221;3em&#8221; alter_height=&#8221;none&#8221; hide_on_mobile=&#8221;1&#8243;][\/vc_column][\/vc_row][vc_row equal_height=&#8221;yes&#8221; content_placement=&#8221;middle&#8221;][vc_column width=&#8221;1\/2&#8243; css=&#8221;.vc_custom_1708019608347{margin-right: 20px !important;margin-left: 20px !important;background-image: url(https:\/\/sultan-brand.com\/ochiphoa\/2024\/02\/426680140_367424626224567_3464548213973130599_n.jpg?id=3489) !important;background-position: center !important;background-repeat: no-repeat !important;background-size: cover !important;}&#8221;][vc_empty_space height=&#8221;4em&#8221; alter_height=&#8221;none&#8221; hide_on_mobile=&#8221;&#8221;][vc_single_image image=&#8221;989&#8243; img_size=&#8221;full&#8221; alignment=&#8221;center&#8221; onclick=&#8221;custom_link&#8221; link=&#8221;#video_go&#8221;][vc_empty_space height=&#8221;4em&#8221; alter_height=&#8221;none&#8221; hide_on_mobile=&#8221;&#8221;][\/vc_column][vc_column width=&#8221;1\/2&#8243; css=&#8221;.vc_custom_1492414449464{margin-right: 20px !important;margin-left: 20px !important;background-color: #eeebe4 !important;}&#8221;][vc_empty_space height=&#8221;2.6em&#8221; alter_height=&#8221;none&#8221; hide_on_mobile=&#8221;&#8221;]<div  id=\"sc_promo_1141443383\" \n\tclass=\"sc_promo sc_promo_default sc_promo_size_normal sc_promo_no_image\"><div class=\"sc_promo_text\" style=\"width: 100%;\">\n\t\t\t<div class=\"sc_promo_text_inner\" style=\"\"><h6 class=\"sc_item_subtitle sc_promo_subtitle sc_align_left sc_item_title_style_default\">Notre histoire<\/h6><h3 class=\"sc_item_title sc_promo_title sc_align_left sc_item_title_style_default\"><i>comment<\/i> c'\u00e9t\u00e9<\/h3><div class=\"sc_promo_content sc_item_content\">[vc_empty_space height=&#8221;0.4em&#8221; alter_height=&#8221;none&#8221; hide_on_mobile=&#8221;&#8221;]<div id=\"sc_content_528776221\"\n\t\tclass=\"sc_content sc_content_default sc_float_left\"><div class=\"sc_content_container\">[vc_tta_tabs style=&#8221;flat&#8221; shape=&#8221;square&#8221; spacing=&#8221;&#8221; active_section=&#8221;1&#8243; no_fill_content_area=&#8221;true&#8221;][vc_tta_section title=&#8221;2019&#8243; tab_id=&#8221;1490705611281-a5a39c3a-a1cb&#8221;][vc_column_text]La marque Sultan a \u00e9t\u00e9 cr\u00e9\u00e9e&#8230; ![\/vc_column_text][\/vc_tta_section][vc_tta_section title=&#8221;2023&#8243; tab_id=&#8221;1490705709034-cea1725a-b323&#8243;][vc_column_text]La marque Sultan a pris un nouveau d\u00e9part ![\/vc_column_text][\/vc_tta_section][vc_tta_section title=&#8221;2024&#8243; tab_id=&#8221;1490705723201-368f5aaf-fb16&#8243;][vc_column_text]Des projets extraordinaires nous attendent ![\/vc_column_text][\/vc_tta_section][\/vc_tta_tabs]<\/div><\/div><\/div><\/div>\n\t\t<\/div><\/div>[vc_empty_space height=&#8221;1.3em&#8221; alter_height=&#8221;none&#8221; hide_on_mobile=&#8221;&#8221;][\/vc_column][\/vc_row][vc_row][vc_column][vc_empty_space height=&#8221;50px&#8221; alter_height=&#8221;medium&#8221; hide_on_mobile=&#8221;&#8221;][\/vc_column][\/vc_row]<\/p>\n<\/section>","protected":false},"excerpt":{"rendered":"<p>[vc_row][vc_column][vc_empty_space height=&#8221;2.5em&#8221; alter_height=&#8221;none&#8221; hide_on_mobile=&#8221;&#8221;][\/vc_column][\/vc_row][vc_row equal_height=&#8221;yes&#8221;][vc_column css=&#8221;.vc_custom_1492438904748{margin-right: 20px !important;margin-left: 20px !important;background-color: #ebe9e6 !important;}&#8221; offset=&#8221;vc_col-lg-6 vc_col-md-12&#8243;][vc_empty_space height=&#8221;1.6em&#8221; alter_height=&#8221;none&#8221; hide_on_mobile=&#8221;&#8221;][\/vc_column][vc_column width=&#8221;1\/2&#8243; offset=&#8221;vc_hidden-lg&#8221;][vc_empty_space height=&#8221;1.5em&#8221; alter_height=&#8221;none&#8221; hide_on_mobile=&#8221;&#8221;][\/vc_column][vc_column offset=&#8221;vc_col-lg-6 vc_col-md-12&#8243;][vc_empty_space alter_height=&#8221;huge&#8221; hide_on_mobile=&#8221;&#8221;][\/vc_column][\/vc_row][vc_row][vc_column][vc_empty_space height=&#8221;4em&#8221; alter_height=&#8221;none&#8221; hide_on_mobile=&#8221;&#8221;][vc_empty_space height=&#8221;4em&#8221; alter_height=&#8221;none&#8221; hide_on_mobile=&#8221;1&#8243;][vc_empty_space height=&#8221;3.5em&#8221; alter_height=&#8221;none&#8221; hide_on_mobile=&#8221;&#8221;][vc_empty_space height=&#8221;3em&#8221; alter_height=&#8221;none&#8221; hide_on_mobile=&#8221;1&#8243;][\/vc_column][\/vc_row][vc_row equal_height=&#8221;yes&#8221; content_placement=&#8221;middle&#8221;][vc_column width=&#8221;1\/2&#8243; css=&#8221;.vc_custom_1708019608347{margin-right: 20px !important;margin-left: 20px !important;background-image: url(https:\/\/sultan-brand.com\/ochiphoa\/2024\/02\/426680140_367424626224567_3464548213973130599_n.jpg?id=3489) !important;background-position: center !important;background-repeat:&hellip;<\/p>\n","protected":false},"author":2,"featured_media":0,"parent":0,"menu_order":0,"comment_status":"closed","ping_status":"closed","template":"","meta":{"footnotes":""},"class_list":["post-1931","page","type-page","status-publish","hentry"],"_links":{"self":[{"href":"https:\/\/sultan-brand.com\/fr\/wp-json\/wp\/v2\/pages\/1931","targetHints":{"allow":["GET"]}}],"collection":[{"href":"https:\/\/sultan-brand.com\/fr\/wp-json\/wp\/v2\/pages"}],"about":[{"href":"https:\/\/sultan-brand.com\/fr\/wp-json\/wp\/v2\/types\/page"}],"author":[{"embeddable":true,"href":"https:\/\/sultan-brand.com\/fr\/wp-json\/wp\/v2\/users\/2"}],"replies":[{"embeddable":true,"href":"https:\/\/sultan-brand.com\/fr\/wp-json\/wp\/v2\/comments?post=1931"}],"version-history":[{"count":0,"href":"https:\/\/sultan-brand.com\/fr\/wp-json\/wp\/v2\/pages\/1931\/revisions"}],"wp:attachment":[{"href":"https:\/\/sultan-brand.com\/fr\/wp-json\/wp\/v2\/media?parent=1931"}],"curies":[{"name":"wp","href":"https:\/\/api.w.org\/{rel}","templated":true}]}}