{"id":1912,"date":"2017-03-24T12:41:11","date_gmt":"2017-03-24T12:41:11","guid":{"rendered":"https:\/\/sultan-brand.com\/contacts\/"},"modified":"2024-12-29T15:21:34","modified_gmt":"2024-12-29T15:21:34","slug":"contacts","status":"publish","type":"page","link":"https:\/\/sultan-brand.com\/fr\/contacts\/","title":{"rendered":"Contacts"},"content":{"rendered":"<section class=\"wpb-content-wrapper\"><p>[vc_row][vc_column][vc_empty_space height=&#8221;2.5em&#8221; alter_height=&#8221;none&#8221; hide_on_mobile=&#8221;&#8221;][\/vc_column][\/vc_row][vc_row equal_height=&#8221;yes&#8221; content_placement=&#8221;middle&#8221;][vc_column offset=&#8221;vc_col-md-6&#8243;][vc_gallery interval=&#8221;3&#8243; images=&#8221;4404,4401,4179&#8243; img_size=&#8221;full&#8221;][\/vc_column][vc_column css=&#8221;.vc_custom_1492777522146{margin-right: 20px !important;margin-left: 20px !important;background-color: #ebe9e6 !important;}&#8221; offset=&#8221;vc_col-md-6&#8243;]<div  id=\"sc_promo_1179015659\" \n\tclass=\"sc_promo sc_promo_default sc_promo_size_normal sc_promo_no_image\"><div class=\"sc_promo_text\" style=\"width: 100%;\">\n\t\t\t<div class=\"sc_promo_text_inner\" style=\"\"><h6 class=\"sc_item_subtitle sc_promo_subtitle sc_align_left sc_item_title_style_default\">Bienvenue chez Sultan-Brand<\/h6><h3 class=\"sc_item_title sc_promo_title sc_align_left sc_item_title_style_default\">Une oasis d'\u00e9l\u00e9gance et de modestie<\/h3><div class=\"sc_item_descr sc_promo_descr sc_align_left\"><p>D\u00e9couvrez un sanctuaire o\u00f9 la foi rencontre la mode contemporaine. Chez Sultan-Brand, nous sommes fiers de proposer une collection qui incarne l'essence du raffinement et du charme intemporel. Notre boutique n'est pas seulement une destination de shopping; c'est une exp\u00e9rience con\u00e7ue pour ceux qui appr\u00e9cient la beaut\u00e9 de la modestie.<\/p>\n<p><\/p>\n<p>D\u00e8s le moment o\u00f9 vous franchissez la porte, vous serez immerg\u00e9 dans une atmosph\u00e8re de luxe et de splendeur. Chaque pi\u00e8ce de hijab, abaya et djellaba est soigneusement s\u00e9lectionn\u00e9e pour garantir la plus haute qualit\u00e9, afin que vous puissiez profiter de l'art de s'habiller avec \u00e9l\u00e9gance et modestie. Que vous recherchiez des tenues \u00e9l\u00e9gantes pour un usage quotidien ou des pi\u00e8ces \u00e9poustouflantes pour des occasions sp\u00e9ciales, Sultan-Brand vous promet inspiration et attrait.<\/p>\n<p><\/p>\n<p>Venez d\u00e9couvrir notre collection soigneusement s\u00e9lectionn\u00e9e et laissez-nous vous emmener dans un voyage de beaut\u00e9 et d'\u00e9l\u00e9gance in\u00e9gal\u00e9e.<\/p>\n<\/div><div class=\"sc_promo_content sc_item_content\">[vc_empty_space height=&#8221;0.7em&#8221; alter_height=&#8221;none&#8221; hide_on_mobile=&#8221;&#8221;][vc_row_inner][vc_column_inner width=&#8221;1\/2&#8243;]<div id=\"sc_title_1779560155\"\n\t\tclass=\"sc_title sc_title_default\"><h6 class=\"sc_item_title sc_title_title sc_align_left sc_item_title_style_default sc_item_title_tag\">Alg\u00e9rie<\/h6><\/div>[vc_empty_space height=&#8221;1.1em&#8221; alter_height=&#8221;none&#8221; hide_on_mobile=&#8221;&#8221;][vc_column_text]<strong>ADRESSE :<\/strong> Alger centre[\/vc_column_text][vc_empty_space height=&#8221;0.9em&#8221; alter_height=&#8221;none&#8221; hide_on_mobile=&#8221;&#8221;][vc_column_text]<strong>T\u00c9L\u00c9PHONE :<\/strong> <a href=\"tel:+213665576419\">0665 57 64 19<\/a> \/ <a href=\"tel:+213792703473\">0792 70 34 73<\/a>[\/vc_column_text][vc_empty_space height=&#8221;0.9em&#8221; alter_height=&#8221;none&#8221; hide_on_mobile=&#8221;&#8221;][vc_column_text]<strong>EMAIL : <a href=\"mailto:info@sultan-brand.com\">info@sultan-brand.com<\/a><\/strong>[\/vc_column_text][vc_empty_space height=&#8221;1em&#8221; alter_height=&#8221;none&#8221; hide_on_mobile=&#8221;&#8221;][\/vc_column_inner][\/vc_row_inner]<\/div><\/div>\n\t\t<\/div><\/div>[\/vc_column][\/vc_row][vc_row][vc_column][vc_empty_space height=&#8221;3em&#8221; alter_height=&#8221;none&#8221; hide_on_mobile=&#8221;1&#8243;][vc_empty_space height=&#8221;4.8em&#8221; alter_height=&#8221;none&#8221; hide_on_mobile=&#8221;&#8221;]<div id=\"sc_title_835142163\"\n\t\tclass=\"sc_title sc_title_default\"><h3 class=\"sc_item_title sc_title_title sc_align_center sc_item_title_style_default\">Contact<\/h3><\/div>[vc_empty_space height=&#8221;2em&#8221; alter_height=&#8221;none&#8221; hide_on_mobile=&#8221;1&#8243;][vc_empty_space height=&#8221;4.5em&#8221; alter_height=&#8221;none&#8221; hide_on_mobile=&#8221;&#8221;][\/vc_column][\/vc_row][vc_row equal_height=&#8221;yes&#8221;][vc_column offset=&#8221;vc_col-md-3&#8243;][\/vc_column][vc_column offset=&#8221;vc_col-md-6&#8243;]<div id=\"sc_content_241999478\"\n\t\tclass=\"sc_content sc_content_default sc_float_center sc_content_width_90p\"><div class=\"sc_content_container\">\n<div class=\"wpcf7 no-js\" id=\"wpcf7-f2313-o1\" lang=\"fr-FR\" dir=\"ltr\" data-wpcf7-id=\"2313\">\n<div class=\"screen-reader-response\"><p role=\"status\" aria-live=\"polite\" aria-atomic=\"true\"><\/p> <ul><\/ul><\/div>\n<form action=\"\/fr\/wp-json\/wp\/v2\/pages\/1912#wpcf7-f2313-o1\" method=\"post\" class=\"wpcf7-form init\" aria-label=\"Formulaire de contact\" novalidate=\"novalidate\" data-status=\"init\">\n<fieldset class=\"hidden-fields-container\"><input type=\"hidden\" name=\"_wpcf7\" value=\"2313\" \/><input type=\"hidden\" name=\"_wpcf7_version\" value=\"6.1.1\" \/><input type=\"hidden\" name=\"_wpcf7_locale\" value=\"fr_FR\" \/><input type=\"hidden\" name=\"_wpcf7_unit_tag\" value=\"wpcf7-f2313-o1\" \/><input type=\"hidden\" name=\"_wpcf7_container_post\" value=\"0\" \/><input type=\"hidden\" name=\"_wpcf7_posted_data_hash\" value=\"\" \/>\n<\/fieldset>\n<div class=\"columns_wrap\">\n\t<div class=\"column-1_2\">\n\t\t<span class=\"wpcf7-form-control-wrap\" data-name=\"your-name\"><input size=\"40\" maxlength=\"400\" class=\"wpcf7-form-control wpcf7-text wpcf7-validates-as-required\" aria-required=\"true\" aria-invalid=\"false\" placeholder=\"VOTRE NOM\" value=\"\" type=\"text\" name=\"your-name\" \/><\/span>\n\t<\/div>\n\t<div class=\"column-1_2\">\n\t\t<span class=\"wpcf7-form-control-wrap\" data-name=\"your-email\"><input size=\"40\" maxlength=\"400\" class=\"wpcf7-form-control wpcf7-email wpcf7-validates-as-required wpcf7-text wpcf7-validates-as-email\" aria-required=\"true\" aria-invalid=\"false\" placeholder=\"VOTRE EMAIL\" value=\"\" type=\"email\" name=\"your-email\" \/><\/span> \n\t<\/div>\n<\/div>\n<div class=\"columns_wrap\">\n\t<div class=\"column-1_1\">\n\t\t<span class=\"wpcf7-form-control-wrap\" data-name=\"your-message\"><textarea cols=\"40\" rows=\"10\" maxlength=\"2000\" class=\"wpcf7-form-control wpcf7-textarea wpcf7-validates-as-required\" aria-required=\"true\" aria-invalid=\"false\" placeholder=\"VOTRE MESSAGE\" name=\"your-message\"><\/textarea><\/span> \n                <span class=\"wpcf7-form-control-wrap wpgdprc\"><span class=\"wpcf7-form-control wpcf7-wpgdprc wpcf7-validates-as-required\"><span class=\"wpcf7-list-item\"><input type=\"checkbox\" name=\"wpgdprc\" value=\"1\" aria-required=\"true\" aria-invalid=\"false\" \/><span class=\"wpcf7-list-item-label\">En utilisant ce formulaire, vous acceptez le stockage et le traitement de vos donn\u00e9es par ce site Web.<\/span><\/span><\/span>    <\/span>\n                <input class=\"wpcf7-form-control wpcf7-submit has-spinner\" type=\"submit\" value=\"ENVOYER MESSAGE\" \/>\n\t<\/div>\n<\/div><div class=\"wpcf7-response-output\" aria-hidden=\"true\"><\/div>\n<\/form>\n<\/div>\n<\/div><\/div>[vc_empty_space height=&#8221;3em&#8221; alter_height=&#8221;none&#8221; hide_on_mobile=&#8221;1&#8243;][vc_empty_space height=&#8221;3.5em&#8221; alter_height=&#8221;none&#8221; hide_on_mobile=&#8221;&#8221;][\/vc_column][vc_column offset=&#8221;vc_col-md-3&#8243;][\/vc_column][\/vc_row]<\/p>\n<\/section>","protected":false},"excerpt":{"rendered":"<p>[vc_row][vc_column][vc_empty_space height=&#8221;2.5em&#8221; alter_height=&#8221;none&#8221; hide_on_mobile=&#8221;&#8221;][\/vc_column][\/vc_row][vc_row equal_height=&#8221;yes&#8221; content_placement=&#8221;middle&#8221;][vc_column offset=&#8221;vc_col-md-6&#8243;][vc_gallery interval=&#8221;3&#8243; images=&#8221;4404,4401,4179&#8243; img_size=&#8221;full&#8221;][\/vc_column][vc_column css=&#8221;.vc_custom_1492777522146{margin-right: 20px !important;margin-left: 20px !important;background-color: #ebe9e6 !important;}&#8221; offset=&#8221;vc_col-md-6&#8243;][\/vc_column][\/vc_row][vc_row][vc_column][vc_empty_space height=&#8221;3em&#8221; alter_height=&#8221;none&#8221; hide_on_mobile=&#8221;1&#8243;][vc_empty_space height=&#8221;4.8em&#8221; alter_height=&#8221;none&#8221; hide_on_mobile=&#8221;&#8221;][vc_empty_space height=&#8221;2em&#8221; alter_height=&#8221;none&#8221; hide_on_mobile=&#8221;1&#8243;][vc_empty_space height=&#8221;4.5em&#8221; alter_height=&#8221;none&#8221; hide_on_mobile=&#8221;&#8221;][\/vc_column][\/vc_row][vc_row equal_height=&#8221;yes&#8221;][vc_column offset=&#8221;vc_col-md-3&#8243;][\/vc_column][vc_column offset=&#8221;vc_col-md-6&#8243;][vc_empty_space height=&#8221;3em&#8221; alter_height=&#8221;none&#8221; hide_on_mobile=&#8221;1&#8243;][vc_empty_space height=&#8221;3.5em&#8221; alter_height=&#8221;none&#8221; hide_on_mobile=&#8221;&#8221;][\/vc_column][vc_column offset=&#8221;vc_col-md-3&#8243;][\/vc_column][\/vc_row]<\/p>\n","protected":false},"author":2,"featured_media":0,"parent":0,"menu_order":0,"comment_status":"closed","ping_status":"closed","template":"","meta":{"footnotes":""},"class_list":["post-1912","page","type-page","status-publish","hentry"],"_links":{"self":[{"href":"https:\/\/sultan-brand.com\/fr\/wp-json\/wp\/v2\/pages\/1912","targetHints":{"allow":["GET"]}}],"collection":[{"href":"https:\/\/sultan-brand.com\/fr\/wp-json\/wp\/v2\/pages"}],"about":[{"href":"https:\/\/sultan-brand.com\/fr\/wp-json\/wp\/v2\/types\/page"}],"author":[{"embeddable":true,"href":"https:\/\/sultan-brand.com\/fr\/wp-json\/wp\/v2\/users\/2"}],"replies":[{"embeddable":true,"href":"https:\/\/sultan-brand.com\/fr\/wp-json\/wp\/v2\/comments?post=1912"}],"version-history":[{"count":0,"href":"https:\/\/sultan-brand.com\/fr\/wp-json\/wp\/v2\/pages\/1912\/revisions"}],"wp:attachment":[{"href":"https:\/\/sultan-brand.com\/fr\/wp-json\/wp\/v2\/media?parent=1912"}],"curies":[{"name":"wp","href":"https:\/\/api.w.org\/{rel}","templated":true}]}}